{"id":1413,"date":"2021-04-10T10:09:41","date_gmt":"2018-05-03T15:25:28","guid":{"rendered":"https:\/\/braswellartscenter.com\/home-2\/"},"modified":"2025-12-27T11:04:53","modified_gmt":"2025-12-27T10:04:53","slug":"home","status":"publish","type":"page","link":"https:\/\/www.braswellarts.org\/de\/","title":{"rendered":"Startseite"},"content":{"rendered":"<p>Braswell Arts ist ein gemeinn\u00fctziger Verein, der sich zum Ziel gesetzt hat, die Gesellschaft durch hochwertige Kunst zu bereichern und die Vielfalt des Tanzes durch Vernetzung und Kooperationen zu f\u00f6rdern.<\/p>\n\t<h3><em>Braswell Arts wurde 2017 von Lisa und Armando Braswell gegr\u00fcndet, inspiriert durch ihre Liebe zum Tanz.<\/em><\/h3>\n<h2>\n\t\t\tUnser Auftrag, die Welt zu ver\u00e4ndern\t<\/h2>\n\t<p>Die Braswell Arts Association bietet Raum f\u00fcr Tanzunterricht, Kunstcamps, Auff\u00fchrungen, Konzerte und Ausstellungen. Wir schaffen einen zug\u00e4nglichen und interaktiven Ort f\u00fcr die Gesellschaft.<\/p>\n\t\t\t\t<img decoding=\"async\" src=\"https:\/\/ep84vsjyh6k.exactdn.com\/wp-content\/uploads\/2025\/12\/img_5274.jpg?strip=all&resize=1200%2C1600\" alt=\"img 5274\" itemprop=\"image\" height=\"1600\" width=\"1200\" title=\"IMG_5274\" onerror=\"this.style.display='none'\" loading='lazy' \/>\n\t<p>Als Kind, das in einer unsicheren Umgebung aufwuchs und kein Zuhause hatte, fand ich Trost in meinen seltenen Interaktionen mit Tanz und Musik. Mit 12 Jahren erhielt ich die unglaubliche Gelegenheit und Unterst\u00fctzung, meiner Kreativit\u00e4t nachzugehen und eine Ausbildung zum professionellen T\u00e4nzer zu machen. Mit Braswell Arts m\u00f6chte ich Kindern das bieten, was mir als Kind fehlte: Zugang zu einem sicheren kreativen Raum, in dem sie sich mit bildender Kunst, Tanz und Musik auseinandersetzen und entwickeln k\u00f6nnen. Nach vier Jahren T\u00e4tigkeit entwickelt sich Braswell Arts nun weiter: Es erreicht immer mehr Menschen, unterst\u00fctzt zahlreiche Projekte und Einzelpersonen und breitet sich immer weiter im Stadtgebiet aus.<\/p>\n\t\t\t\t<img decoding=\"async\" src=\"https:\/\/ep84vsjyh6k.exactdn.com\/wp-content\/uploads\/2025\/12\/armando-lisa-braswell_l3a3369-carmenwongfisch-hoch.jpg?strip=all&resize=1200%2C1600\" alt=\"armando lisa braswell l3a3369 carmenwongfisch hoch\" itemprop=\"image\" height=\"1600\" width=\"1200\" title=\"ARMANDO LISA BRASWELL_L3A3369 CARMENWONGFISCH HOCH\" onerror=\"this.style.display='none'\" loading='lazy' \/>\n\t<p>Wir setzen uns daf\u00fcr ein, die Welt zu einem besseren Ort zu machen, insbesondere f\u00fcr Kinder in Not. Wir sehen, wie sie bei ihren k\u00fcnstlerischen Aktivit\u00e4ten im aufbl\u00fchen, und wir sind entschlossen, ihnen mehr Unterst\u00fctzung und kreative M\u00f6glichkeiten zu bieten. Die Braswell Arts Association legt grossen Wert auf ein qualitativ hochwertiges Programm, das ein breites Publikum erreicht. Es ist uns wichtig, dass alle Kinder und Erwachsenen unabh\u00e4ngig von ihrem Einkommen Zugang zu Kulturveranstaltungen haben. Wir streben danach, eine Community von tanzbegeisterten Kunstliebhaber*innen aufzubauen.<\/p>\n<h2>\n\t\t\tDas tun wir:\t<\/h2>\n\t\t\t\t<img decoding=\"async\" src=\"https:\/\/ep84vsjyh6k.exactdn.com\/wp-content\/uploads\/2021\/12\/streamline-icon-ai-robot-human-learning@250x250.png?strip=all&w=1920\" alt=\"streamline-icon-ai-robot-human-learning@250x250\" title=\"streamline-icon-ai-roboter-menschliches-lernen@250x250\" itemprop=\"image\"\/>\n\t\t<h3>Kulturelle Bildung<\/h3>\t\t\t\n\t\t\t\t<p>Unsere Vermittlungsarbeit basiert auf dem Austausch der Kinder mit kulturellen Themen.<\/p>\n\t\t\t\t<img decoding=\"async\" src=\"https:\/\/ep84vsjyh6k.exactdn.com\/wp-content\/uploads\/2021\/12\/streamline-icon-clap-hand-1@250x250.png?strip=all&w=1920\" alt=\"streamline-icon-clap-hand-1@250x250\" title=\"streamline-icon-clap-hand-1@250x250\" itemprop=\"image\"\/>\n\t\t<h3>Kreation &amp; Zusammenarbeit<\/h3>\t\t\t\n\t\t\t\t<h4>Wir investieren in Talente mit unserem Programm f\u00fcr vorprofessionelle T\u00e4nzer*innen.<\/h4>\n\t\t\t\t<img decoding=\"async\" src=\"https:\/\/ep84vsjyh6k.exactdn.com\/wp-content\/uploads\/2021\/12\/streamline-icon-donation-charity-heart-hand@250x250.png?strip=all&w=1920\" alt=\"streamline-icon-donation-charity-heart-hand@250x250\" title=\"streamline-icon-donation-charity-heart-hand@250x250\" itemprop=\"image\"\/>\n\t\t<h3>Unterst\u00fctzung von K\u00fcnstler*innen<\/h3>\t\t\t\n\t\t\t\t<h4>Wir unterst\u00fctzen aufstrebende und etablierte K\u00fcnstler*innen im Raum Basel.<\/h4>\n\t\t\t\t<img decoding=\"async\" src=\"https:\/\/ep84vsjyh6k.exactdn.com\/wp-content\/uploads\/2021\/12\/streamline-icon-business-management-relation-network@250x250.png?strip=all&w=1920\" alt=\"streamline-icon-business-management-relation-network@250x250\" title=\"streamline-icon-business-management-beziehung-netz@250x250\" itemprop=\"image\"\/>\n\t\t<h3>Vielfalt<\/h3>\t\t\t\n\t\t\t\t<h4>Wir bem\u00fchen uns aktiv um Vielfalt auf qualitativ hochwertigen Plattformen.<\/h4>\n\t<h2>Wie kannst Du uns helfen? Indem Du unsere Missionen unterst\u00fctzt, wirst Du ein aktives Mitglied unserer Gemeinschaft.<\/h2>\n\t\n<a href=\"https:\/\/braswellarts.payrexx.com\/en\/pay?cid=40748558&#038;hide_description=1\">\nSpenden\n<\/a>\n<!---->\n<style type=\"text\/css\">\n.btn-payrexx {\n\tdisplay: inline-block;\n\twidth: auto;\n\tpadding: 6px 20px 6px 20px;\n\tfont-size: 30px;\n\tfont-weight: 300;\n\twhite-space: inherit;\n\tbackground-color: #550097;\n\tborder: 0;\n\toutline: 0;\n\ttext-decoration: none !important;\n\ttext-transform: uppercase;\n\tfont-family: \"Helvetica LT Condensed Bold\", Verdana, Arial, sans-serif;\n\ttext-align: center;\n\tcolor: #ffffff;\n\tmargin: 0px auto !important;\n\tborder-radius: 5px;\n\t-webkit-transition: background-color 300ms ease-out;\n\t-moz-transition: background-color 300ms ease-out;\n\t-o-transition: background-color 300ms ease-out;\n\ttransition: background-color 300ms ease-out;\n}\n.btn-payrexx:focus, .btn-payrexx:hover {\n\tbackground-color: #ebebeb;\n\tcolor: #000;\n}\n<\/style>","protected":false},"excerpt":{"rendered":"<p>Braswell Arts is a non-profit association dedicated to connecting the communities to high quality art while striving toward diversity in dance through networking and collaboration. Founded in 2017 by Lisa and Armando Braswell and inspired by their international background and love for dance. Our Mission to Change The World After many years of thinking about [&hellip;]<\/p>\n","protected":false},"author":7,"featured_media":0,"parent":0,"menu_order":0,"comment_status":"closed","ping_status":"open","template":"","meta":{"_seopress_robots_primary_cat":"","_seopress_titles_title":"","_seopress_titles_desc":"","_seopress_robots_index":"","site-sidebar-layout":"default","site-content-layout":"default","ast-site-content-layout":"default","site-content-style":"default","site-sidebar-style":"default","ast-global-header-display":"","ast-banner-title-visibility":"","ast-main-header-display":"","ast-hfb-above-header-display":"","ast-hfb-below-header-display":"","ast-hfb-mobile-header-display":"","site-post-title":"disabled","ast-breadcrumbs-content":"","ast-featured-img":"","footer-sml-layout":"","ast-disable-related-posts":"","theme-transparent-header-meta":"default","adv-header-id-meta":null,"stick-header-meta":"default","header-above-stick-meta":null,"header-main-stick-meta":"","header-below-stick-meta":null,"astra-migrate-meta-layouts":"default","ast-page-background-enabled":"default","ast-page-background-meta":{"desktop":{"background-color":"var(--ast-global-color-4)","background-image":"","background-repeat":"repeat","background-position":"center center","background-size":"auto","background-attachment":"scroll","background-type":"","background-media":"","overlay-type":"","overlay-color":"","overlay-opacity":"","overlay-gradient":""},"tablet":{"background-color":"","background-image":"","background-repeat":"repeat","background-position":"center center","background-size":"auto","background-attachment":"scroll","background-type":"","background-media":"","overlay-type":"","overlay-color":"","overlay-opacity":"","overlay-gradient":""},"mobile":{"background-color":"","background-image":"","background-repeat":"repeat","background-position":"center center","background-size":"auto","background-attachment":"scroll","background-type":"","background-media":"","overlay-type":"","overlay-color":"","overlay-opacity":"","overlay-gradient":""}},"ast-content-background-meta":{"desktop":{"background-color":"var(--ast-global-color-5)","background-image":"","background-repeat":"repeat","background-position":"center center","background-size":"auto","background-attachment":"scroll","background-type":"","background-media":"","overlay-type":"","overlay-color":"","overlay-opacity":"","overlay-gradient":""},"tablet":{"background-color":"var(--ast-global-color-5)","background-image":"","background-repeat":"repeat","background-position":"center center","background-size":"auto","background-attachment":"scroll","background-type":"","background-media":"","overlay-type":"","overlay-color":"","overlay-opacity":"","overlay-gradient":""},"mobile":{"background-color":"var(--ast-global-color-5)","background-image":"","background-repeat":"repeat","background-position":"center center","background-size":"auto","background-attachment":"scroll","background-type":"","background-media":"","overlay-type":"","overlay-color":"","overlay-opacity":"","overlay-gradient":""}},"iawp_total_views":1114,"footnotes":""},"class_list":["post-1413","page","type-page","status-publish","hentry"],"_links":{"self":[{"href":"https:\/\/www.braswellarts.org\/de\/wp-json\/wp\/v2\/pages\/1413","targetHints":{"allow":["GET"]}}],"collection":[{"href":"https:\/\/www.braswellarts.org\/de\/wp-json\/wp\/v2\/pages"}],"about":[{"href":"https:\/\/www.braswellarts.org\/de\/wp-json\/wp\/v2\/types\/page"}],"author":[{"embeddable":true,"href":"https:\/\/www.braswellarts.org\/de\/wp-json\/wp\/v2\/users\/7"}],"replies":[{"embeddable":true,"href":"https:\/\/www.braswellarts.org\/de\/wp-json\/wp\/v2\/comments?post=1413"}],"version-history":[{"count":72,"href":"https:\/\/www.braswellarts.org\/de\/wp-json\/wp\/v2\/pages\/1413\/revisions"}],"predecessor-version":[{"id":81480,"href":"https:\/\/www.braswellarts.org\/de\/wp-json\/wp\/v2\/pages\/1413\/revisions\/81480"}],"wp:attachment":[{"href":"https:\/\/www.braswellarts.org\/de\/wp-json\/wp\/v2\/media?parent=1413"}],"curies":[{"name":"wp","href":"https:\/\/api.w.org\/{rel}","templated":true}]}}