{"id":80995,"date":"2021-12-16T13:39:25","date_gmt":"2021-12-16T12:39:25","guid":{"rendered":"https:\/\/www.braswellarts.org\/?page_id=80995"},"modified":"2021-12-26T13:21:52","modified_gmt":"2021-12-26T12:21:52","slug":"bac-aeschenplatz","status":"publish","type":"page","link":"https:\/\/www.braswellarts.org\/de\/bac-aeschenplatz\/","title":{"rendered":"BAC Aeschenplatz"},"content":{"rendered":"<img decoding=\"async\" src=\"https:\/\/i.ytimg.com\/vi\/UoaUK3cMaTQ\/maxresdefault.jpg\"\/>\n\t<p>Das Braswell Arts Center ist ein Raum f\u00fcr Kreativit\u00e4t, Zusammenarbeit und Innovation in allen Kunstformen. Durch Kunsterziehung und Austausch will das BAC die Zusammenarbeit, das Schaffen, die Vernetzung und das Unternehmertum innerhalb der lokalen und internationalen Kunstgemeinschaft f\u00f6rdern.<\/p>\n\t\t\t\t<img decoding=\"async\" src=\"https:\/\/ep84vsjyh6k.exactdn.com\/wp-content\/uploads\/2021\/12\/Studio-1-braswell-arts-center.jpg?strip=all&resize=1920%2C942\" alt=\"Studio 1-braswell arts center\" itemprop=\"image\" height=\"1168\" width=\"2381\" title=\"Studio 1-braswell arts center\" onerror=\"this.style.display='none'\"  \/>\n\t\t\t\t<img decoding=\"async\" src=\"https:\/\/ep84vsjyh6k.exactdn.com\/wp-content\/uploads\/2021\/12\/Changing-room-braswell-arts-center.jpg?strip=all&resize=1920%2C1080\" alt=\"Changing room-braswell arts center\" itemprop=\"image\" height=\"1080\" width=\"1920\" title=\"Umkleidekabine - Braswell Arts Center\" onerror=\"this.style.display='none'\"  \/>\n\t\t\t\t<img decoding=\"async\" src=\"https:\/\/ep84vsjyh6k.exactdn.com\/wp-content\/uploads\/2021\/12\/Studio-2-braswell-arts-center.jpg?strip=all&resize=1920%2C1080\" alt=\"Studio 2-braswell arts center\" itemprop=\"image\" height=\"1080\" width=\"1920\" title=\"Studio 2-braswell arts center\" onerror=\"this.style.display='none'\"  \/>\n\t\t\t\t\t\t\t\t\t\t<h4 tabindex=\"0\">Wer wir sind<\/h4>\n\t\t\t\t\t<p>Das Braswell Arts Center (BAC) ist die Heimat einer wachsenden Gemeinschaft mit der Vision eines sprudelnden und kreativen Kunstzentrums, das f\u00fcr alle Formen, Gr\u00f6\u00dfen und Einkommensgruppen offen ist.<\/p>\n<p>Das BAC wurde 2017 mit dem Ziel gegr\u00fcndet, die Kluft zwischen den K\u00fcnsten und der Gemeinschaft zu \u00fcberbr\u00fccken. In den letzten vier Jahren haben wir Tanzkurse, Kunstcamps, Auff\u00fchrungen, Konzerte, Ausstellungen und vieles mehr f\u00fcr alle Menschen mit unterschiedlichem Hintergrund angeboten.<\/p>\n<p>Seit unserer Gr\u00fcndung sind wir erheblich gewachsen - wir haben unser Publikum erweitert, neue Programme f\u00fcr Kinder und junge Pre-Professionals entwickelt, Arbeitspl\u00e4tze f\u00fcr T\u00e4nzerinnen und T\u00e4nzer in der \u00dcbergangsphase geschaffen, Raum f\u00fcr die Erforschung und Entwicklung von Choreographinnen und Choreographen geboten und mit einigen der gr\u00f6\u00dften Kunstinstitutionen hier in Basel wie dem Kunstmuseum Basel, der Fondation Beyeler und dem Theater Basel zusammengearbeitet.<\/p>\n<p>Diese letzten Jahre der engen Zusammenarbeit mit der Basler Gemeinschaft haben uns eine solide Erfahrung und eine klare Vorstellung davon vermittelt, was wir in Zukunft von ihr brauchen. Unsere Ambitionen f\u00fcr die Entwicklung des BAC leiten sich aus dem Erfolg dieser Erfahrungen ab. Nach einer so schwierigen Periode der Isolation und Eingeschlossenheit aufgrund der Coronavirus-Pandemie ist es unser Ziel, unsere Ressourcen und Erfahrungen zu nutzen, um Bildung und Kreativit\u00e4t durch alle Kunstformen, insbesondere Tanz, zu f\u00f6rdern und Kindern und Erwachsenen durch Kunstprogramme und Unterst\u00fctzung der Gemeinschaft direkt zu helfen.<\/p>\n\t\t\t\t\t\t\t\t\t\t<h4 tabindex=\"0\">Was ist das neue Braswell Arts Center?<\/h4>\n\t\t\t\t\t<p>Von Anfang an hatten wir die Absicht, unser Angebot f\u00fcr die Gemeinschaft kontinuierlich zu erweitern und auszubauen.<\/p>\n<p>Mit Hilfe der Gemeinde und von Sponsoren arbeiten wir daran, einen gr\u00f6\u00dferen, voll ausgestatteten neuen Raum zu schaffen. Ein neues Zuhause f\u00fcr die Programme der Braswell Arts Association sowie ein f\u00f6rdernder und kreativer Ort, an dem das Basel wachsen kann.<\/p>\n<p>\u00a0<\/p>\n<p>Mit Ihrer Unterst\u00fctzung wird das neue BAC Folgendes bieten:<\/p>\n<ul>\n<li>3 voll ausgestattete Tanzstudios<\/li>\n<li>Ein Fitnessraum<\/li>\n<li>Umkleider\u00e4ume, Duschen und sichere Schlie\u00dff\u00e4cher<\/li>\n<li>Ein Chill-out-Bereich f\u00fcr Studenten und Mitarbeiter zum Entspannen und Arbeiten<\/li>\n<li>Ein Caf\u00e9 und ein Pop-up-Store-Bereich f\u00fcr lokale Unternehmer<\/li>\n<li>Ein Shop mit Tanzartikeln und Ausr\u00fcstung zum Kaufen und Ausprobieren<\/li>\n<\/ul>\n<p>Der neu gestaltete Raum soll vollst\u00e4ndig umgestaltet werden k\u00f6nnen und Platz f\u00fcr hochwertigen Tanzunterricht, Live-Performances, Ausstellungen, Workshops, Pop-ups und andere inspirierende Veranstaltungen bieten.<\/p>\n<p>Gemeinschaft.<\/p>\n\t\t\t\t\t\t\t\t\t\t<h4 tabindex=\"0\">Warum ziehen wir um?<\/h4>\n\t\t\t\t\t<p>Seit 2017 sind wir gewachsen und bieten nun fast 50 Kurse pro Woche f\u00fcr ein Publikum von 4 bis 70 Jahren an. Vor kurzem, als das Ende unseres aktuellen Mietvertrags nahte, standen wir vor schwierigen Entscheidungen \u00fcber die Zukunft des BAC.<\/p>\n<p>Vor der Coronavirus-Pandemie begannen wir zu untersuchen, was eine Erweiterung des BAC bedeuten k\u00f6nnte. Und mit nur einem Studio, einem vollen Terminkalender an 50 Wochen im Jahr und sehr, sehr wenig Quadratmetern f\u00fcr irgendetwas anderes, wurde uns schnell klar, dass der Verbleib an unserem derzeitigen Standort in der Austra\u00dfe unsere M\u00f6glichkeiten einschr\u00e4nkt.<\/p>\n<p>Als sich die Welt durch die Pandemie im M\u00e4rz 2020 ver\u00e4nderte, \u00e4nderten sich auch viele unserer Pl\u00e4ne. Und obwohl wir immer noch daran arbeiten, uns nach einer so schwierigen Zeit zu stabilisieren, haben wir erkannt, dass der einzige Weg aus dem Loch, das die Coronavirus-Pandemie geschaffen hat, darin besteht, die M\u00f6glichkeit zur Expansion zu er\u00f6ffnen.<\/p>\n<p>Noch wichtiger ist, dass wir wirklich an den Auftrag des BAC und das Wachstumspotenzial glauben, und deshalb haben wir beschlossen, diese n\u00e4chste Phase einzuleiten. Das bedeutet, dass das Schuljahr 2021\/2022 unser letztes Jahr in der Austrasse sein wird, und im August 2022 werden wir unsere T\u00fcren in unserem neuen Zuhause in der Aeschenvorstadt \u00f6ffnen.<\/p>\n<p>Mit dem neuen Raum kommt auch eine Menge Arbeit und eine Menge Geldbeschaffung auf uns zu, aber wir freuen uns sehr darauf, diesen neuen Raum zum Ausgangspunkt f\u00fcr neue Tr\u00e4ume zu machen.<\/p>\n\t\t\t\t\t\t\t\t\t\t<h4 tabindex=\"0\">Was wird im neuen BAC passieren?<\/h4>\n\t\t\t\t\t<p>Im neuen BAC werden wir unsere Verbindungen und Beziehungen zur Basler Gemeinschaft, zu Schulen, Sponsoren und anderen Institutionen weiter vertiefen, um ein frisches und hochwertiges Kunstprogramm anzubieten. Neben der Erweiterung unseres Kursangebots und der Fortf\u00fchrung unserer \u00fcblichen Programme wie Kunstcamps f\u00fcr Kinder und einer hochwertigen Ausbildung f\u00fcr unsere vorprofessionellen Studenten wird Braswell Arts bestrebt sein, kostenlose Bewegungs- und Performancekurse f\u00fcr Bed\u00fcrftige sowie Entwicklungs- und Auftrittsm\u00f6glichkeiten f\u00fcr K\u00fcnstler weltweit anzubieten.<\/p>\n<p>Wir freuen uns darauf, unsere Studenten, Mitglieder der Gemeinschaft und kreative Seelen in einem komfortablen und f\u00f6rderlichen Raum im Zentrum von Basel willkommen zu hei\u00dfen.<\/p>\n\t\t\t\t\t\t\t\t\t\t<h4 tabindex=\"0\">Deshalb brauchen wir Ihre Unterst\u00fctzung<\/h4>\n\t\t\t\t\t<p>Die Energie des BAC und seiner Mitglieder treibt uns st\u00e4ndig dazu an, besser zu werden, von Gr\u00f6\u00dferem zu tr\u00e4umen, und ist der einzige Grund, warum wir tun, was wir tun.<\/p>\n<p>Nach einer so schwierigen Zeit nach der Coronavirus-Pandemie ist es schwierig, eine so grosse finanzielle Investition zu t\u00e4tigen, und Ihre Unterst\u00fctzung wird uns direkt dabei helfen, in der Basler Gesellschaft etwas zu bewirken! Als Spender, der in uns investiert, w\u00fcrden wir uns freuen, von Ihnen zu h\u00f6ren, w\u00e4hrend wir auf diesen n\u00e4chsten Schritt hinarbeiten.<\/p>\n<p>Unterst\u00fctzen Sie den Bau und tragen Sie Ihren Namen als Mitglied des neuen BAC in unsere Liste ein! Ihre Unterst\u00fctzung wird direkt dazu beitragen:<\/p>\n<ul>\n<li>Geb\u00fchren f\u00fcr Designdienstleistungen<\/li>\n<li>Tanzfl\u00e4chen<\/li>\n<li>Spiegel und Reckstangen<\/li>\n<li>Einbau der Dusche<\/li>\n<li>Lichter, Pflanzen und andere Baumaterialien<\/li>\n<li>Tontechnik<\/li>\n<li>Fitnessger\u00e4te<\/li>\n<\/ul>\n<p>Wenn Sie sich aktiv einbringen m\u00f6chten, werden wir informelle Treffen organisieren, um Ihre Vorschl\u00e4ge, Ideen, Kontakte zu Ressourcen und Motivationsimpulse zu sammeln - mit dem Ziel, dass dieses neue Zentrum zu unserem Zentrum wird, mit Ihnen als Mitwirkende.<\/p>\n<p>Diejenigen, die es vorziehen, eher \"hinter den Kulissen\" zu arbeiten und einfach zu spenden, sind nat\u00fcrlich auch herzlich willkommen! Jeder Spender hat die Wahl zwischen tollen Belohnungen!<\/p>\n\t\t\t\t\t\t\t\t\t\t<h4 tabindex=\"0\">Haben Sie Belohnungen gesagt?!<\/h4>\n\t\t\t\t\t<p>Als Zeichen unserer Wertsch\u00e4tzung haben wir einige aufregende Belohnungen f\u00fcr unsere wunderbaren Spender organisiert, wie zum Beispiel:<\/p>\n<ul>\n<li>Tickets f\u00fcr eine ausgew\u00e4hlte Vorstellung im Theater Basel<\/li>\n<li>Verschiedene Mitgliedschaften im BAC<\/li>\n<li>Gutscheine f\u00fcr eine Woche Arts Camp im BAC f\u00fcr Ihre Kinder<\/li>\n<li>1 Jahr unbegrenzter Zugang zu unserer Online-Bibliothek<\/li>\n<li>Freier Eintritt zu unserer virtuellen Gala<\/li>\n<\/ul>\n<p>Wir haben so viele aufregende Ideen, um das Braswell Arts Center zu einem hochmodernen kulturellen Zentrum in Basel f\u00fcr die n\u00e4chste Generation von K\u00fcnstlern zu machen, die in unserer Gemeinde aufwachsen, aber auch f\u00fcr professionelle K\u00fcnstler aus der ganzen Welt offen sind.<\/p>\n<p>Gro\u00dfe Wertsch\u00e4tzung f\u00fcr Sie alle. Lasst uns loslegen!<\/p>\n<p><strong><em>Armando und Lisa Braswell und das Team des Braswell Arts Center<\/em><\/strong><\/p>\n\t<meta itemscope itemprop=\"mainEntityOfPage\" itemtype=\"https:\/\/schema.org\/WebPage\" itemid=\"https:\/\/www.braswellarts.org\/reward\/class-at-bac\/\" content=\"Class at BAC\" \/><meta itemprop=\"datePublished\" content=\"2021-12-14\" \/><meta itemprop=\"dateModified\" content=\"2021-12-15\" \/><meta itemprop=\"name\" content=\"Braswell Arts Association\"\/><meta itemprop=\"url\" content=\"https:\/\/ep84vsjyh6k.exactdn.com\/wp-content\/uploads\/2021\/12\/baa_logo-small-white.png?strip=all&#038;lossy=1&#038;ssl=1\"\/><meta itemprop=\"url\" content=\"https:\/\/www.braswellarts.org\/author\/michael\/\" \/><meta itemprop=\"name\" content=\"Michael\" \/><meta itemprop=\"interactionType\" content=\"https:\/\/schema.org\/CommentAction\" \/><meta itemprop=\"userInteractionCount\" content=\"0\" \/>\nCHF 50.\n<h3>Klasse bei BAC<\/h3>\n<p>Nehmen Sie an einem Kurs Ihrer Wahl im BAC teil und lassen Sie Ihren Namen als Bronze-Sponsor im neuen BAC erscheinen.<\/p>\n<a href=\"https:\/\/www.braswellarts.org\/de\/reward\/class-at-bac\/\">Jetzt spenden<\/a>\n\t<meta itemscope itemprop=\"mainEntityOfPage\" itemtype=\"https:\/\/schema.org\/WebPage\" itemid=\"https:\/\/www.braswellarts.org\/reward\/bac-virtual-benefit-gala-ticket\/\" content=\"BAC Virtual Benefit Gala Ticket\" \/><meta itemprop=\"datePublished\" content=\"2021-12-14\" \/><meta itemprop=\"dateModified\" content=\"2021-12-15\" \/><meta itemprop=\"name\" content=\"Braswell Arts Association\"\/><meta itemprop=\"url\" content=\"https:\/\/ep84vsjyh6k.exactdn.com\/wp-content\/uploads\/2021\/12\/baa_logo-small-white.png?strip=all&#038;lossy=1&#038;ssl=1\"\/><meta itemprop=\"url\" content=\"https:\/\/www.braswellarts.org\/author\/michael\/\" \/><meta itemprop=\"name\" content=\"Michael\" \/><meta itemprop=\"interactionType\" content=\"https:\/\/schema.org\/CommentAction\" \/><meta itemprop=\"userInteractionCount\" content=\"0\" \/>\n100 CHF\n<h3>BAC Virtuelle Benefiz-Gala Ticket<\/h3>\n<p>Nehmen Sie online an unserer virtuellen Benefizgala 2022 teil und lassen Sie Ihren Namen als Bronzesponsor im neuen BAC erscheinen.<\/p>\n<a href=\"https:\/\/www.braswellarts.org\/de\/reward\/bac-virtual-benefit-gala-ticket\/\">Jetzt spenden<\/a>\n\t<meta itemscope itemprop=\"mainEntityOfPage\" itemtype=\"https:\/\/schema.org\/WebPage\" itemid=\"https:\/\/www.braswellarts.org\/reward\/sponsor-a-bac-mirror\/\" content=\"Sponsor a BAC mirror\" \/><meta itemprop=\"datePublished\" content=\"2021-12-14\" \/><meta itemprop=\"dateModified\" content=\"2021-12-15\" \/><meta itemprop=\"name\" content=\"Braswell Arts Association\"\/><meta itemprop=\"url\" content=\"https:\/\/ep84vsjyh6k.exactdn.com\/wp-content\/uploads\/2021\/12\/baa_logo-small-white.png?strip=all&#038;lossy=1&#038;ssl=1\"\/><meta itemprop=\"url\" content=\"https:\/\/www.braswellarts.org\/author\/michael\/\" \/><meta itemprop=\"name\" content=\"Michael\" \/><meta itemprop=\"interactionType\" content=\"https:\/\/schema.org\/CommentAction\" \/><meta itemprop=\"userInteractionCount\" content=\"0\" \/>\nCHF 500.\n<h3>Patenschaft f\u00fcr einen BAC-Spiegel<\/h3>\n<p>Helfen Sie uns beim Bau! Benennen Sie einen Spiegel nach sich und lassen Sie Ihren Namen als Silbersponsor im neuen BAC erscheinen.<\/p>\n<a href=\"https:\/\/www.braswellarts.org\/de\/reward\/sponsor-a-bac-mirror\/\">Jetzt spenden<\/a>\n\t<meta itemscope itemprop=\"mainEntityOfPage\" itemtype=\"https:\/\/schema.org\/WebPage\" itemid=\"https:\/\/www.braswellarts.org\/reward\/dance-basel-advertisement-space\/\" content=\"Dance Basel Advertisement Space\" \/><meta itemprop=\"datePublished\" content=\"2021-12-14\" \/><meta itemprop=\"dateModified\" content=\"2021-12-15\" \/><meta itemprop=\"name\" content=\"Braswell Arts Association\"\/><meta itemprop=\"url\" content=\"https:\/\/ep84vsjyh6k.exactdn.com\/wp-content\/uploads\/2021\/12\/baa_logo-small-white.png?strip=all&#038;lossy=1&#038;ssl=1\"\/><meta itemprop=\"url\" content=\"https:\/\/www.braswellarts.org\/author\/michael\/\" \/><meta itemprop=\"name\" content=\"Michael\" \/><meta itemprop=\"interactionType\" content=\"https:\/\/schema.org\/CommentAction\" \/><meta itemprop=\"userInteractionCount\" content=\"0\" \/>\nCHF 1000.\n<h3>Tanz Basel Werbefl\u00e4che<\/h3>\n<p>Werben Sie f\u00fcr Ihr Unternehmen w\u00e4hrend des Dance Basel Festivals und lassen Sie Ihren Namen als Silbersponsor im neuen BAC erscheinen.<\/p>\n<a href=\"https:\/\/www.braswellarts.org\/de\/reward\/dance-basel-advertisement-space\/\">Jetzt spenden<\/a>\n\t<meta itemscope itemprop=\"mainEntityOfPage\" itemtype=\"https:\/\/schema.org\/WebPage\" itemid=\"https:\/\/www.braswellarts.org\/reward\/sponsor-a-bac-ballet-barre\/\" content=\"Sponsor a BAC ballet barre\" \/><meta itemprop=\"datePublished\" content=\"2021-12-14\" \/><meta itemprop=\"dateModified\" content=\"2021-12-15\" \/><meta itemprop=\"name\" content=\"Braswell Arts Association\"\/><meta itemprop=\"url\" content=\"https:\/\/ep84vsjyh6k.exactdn.com\/wp-content\/uploads\/2021\/12\/baa_logo-small-white.png?strip=all&#038;lossy=1&#038;ssl=1\"\/><meta itemprop=\"url\" content=\"https:\/\/www.braswellarts.org\/author\/michael\/\" \/><meta itemprop=\"name\" content=\"Michael\" \/><meta itemprop=\"interactionType\" content=\"https:\/\/schema.org\/CommentAction\" \/><meta itemprop=\"userInteractionCount\" content=\"0\" \/>\nCHF 2000.\n<h3>Patenschaft f\u00fcr ein BAC-Ballettst\u00e4nder<\/h3>\n<p>Helfen Sie uns beim Bau! Benennen Sie eine Ballettstange nach sich und lassen Sie Ihren Namen als Goldsponsor im neuen BAC erscheinen.<\/p>\n<a href=\"https:\/\/www.braswellarts.org\/de\/reward\/sponsor-a-bac-ballet-barre\/\">Jetzt spenden<\/a>\n\t<meta itemscope itemprop=\"mainEntityOfPage\" itemtype=\"https:\/\/schema.org\/WebPage\" itemid=\"https:\/\/www.braswellarts.org\/reward\/vip-tickets-to-dance-basel-festival\/\" content=\"VIP tickets to Dance Basel Festival\" \/><meta itemprop=\"datePublished\" content=\"2021-12-14\" \/><meta itemprop=\"dateModified\" content=\"2021-12-15\" \/><meta itemprop=\"name\" content=\"Braswell Arts Association\"\/><meta itemprop=\"url\" content=\"https:\/\/ep84vsjyh6k.exactdn.com\/wp-content\/uploads\/2021\/12\/baa_logo-small-white.png?strip=all&#038;lossy=1&#038;ssl=1\"\/><meta itemprop=\"url\" content=\"https:\/\/www.braswellarts.org\/author\/michael\/\" \/><meta itemprop=\"name\" content=\"Michael\" \/><meta itemprop=\"interactionType\" content=\"https:\/\/schema.org\/CommentAction\" \/><meta itemprop=\"userInteractionCount\" content=\"0\" \/>\nCHF 5000.\n<h3>VIP-Karten f\u00fcr das Dance Basel Festival<\/h3>\n<p>Zwei VIP-Tickets f\u00fcr Dance Basel, eine 1-j\u00e4hrige BAC-Mitgliedschaft und Ihr Name erscheint als Platin-Sponsor im neuen BAC.<\/p>\n<a href=\"https:\/\/www.braswellarts.org\/de\/reward\/vip-tickets-to-dance-basel-festival\/\">Jetzt spenden<\/a>","protected":false},"excerpt":{"rendered":"<p>The Braswell Arts Center is a space for creativity, collaboration and innovation in all art forms. Through arts education and exchange, the BAC strives to encourage collaboration, creation, networking and entrepreneurship within the local and international arts community. Who we are The Braswell Arts Center (BAC) is the home of a growing community with a [&hellip;]<\/p>\n","protected":false},"author":7,"featured_media":0,"parent":0,"menu_order":0,"comment_status":"closed","ping_status":"open","template":"","meta":{"_seopress_robots_primary_cat":"","_seopress_titles_title":"","_seopress_titles_desc":"","_seopress_robots_index":"","site-sidebar-layout":"default","site-content-layout":"default","ast-site-content-layout":"default","site-content-style":"default","site-sidebar-style":"default","ast-global-header-display":"","ast-banner-title-visibility":"","ast-main-header-display":"","ast-hfb-above-header-display":"","ast-hfb-below-header-display":"","ast-hfb-mobile-header-display":"","site-post-title":"disabled","ast-breadcrumbs-content":"","ast-featured-img":"","footer-sml-layout":"","ast-disable-related-posts":"","theme-transparent-header-meta":"default","adv-header-id-meta":"","stick-header-meta":"default","header-above-stick-meta":"","header-main-stick-meta":"","header-below-stick-meta":"","astra-migrate-meta-layouts":"default","ast-page-background-enabled":"default","ast-page-background-meta":{"desktop":{"background-color":"var(--ast-global-color-4)","background-image":"","background-repeat":"repeat","background-position":"center center","background-size":"auto","background-attachment":"scroll","background-type":"","background-media":"","overlay-type":"","overlay-color":"","overlay-opacity":"","overlay-gradient":""},"tablet":{"background-color":"","background-image":"","background-repeat":"repeat","background-position":"center center","background-size":"auto","background-attachment":"scroll","background-type":"","background-media":"","overlay-type":"","overlay-color":"","overlay-opacity":"","overlay-gradient":""},"mobile":{"background-color":"","background-image":"","background-repeat":"repeat","background-position":"center center","background-size":"auto","background-attachment":"scroll","background-type":"","background-media":"","overlay-type":"","overlay-color":"","overlay-opacity":"","overlay-gradient":""}},"ast-content-background-meta":{"desktop":{"background-color":"var(--ast-global-color-5)","background-image":"","background-repeat":"repeat","background-position":"center center","background-size":"auto","background-attachment":"scroll","background-type":"","background-media":"","overlay-type":"","overlay-color":"","overlay-opacity":"","overlay-gradient":""},"tablet":{"background-color":"var(--ast-global-color-5)","background-image":"","background-repeat":"repeat","background-position":"center center","background-size":"auto","background-attachment":"scroll","background-type":"","background-media":"","overlay-type":"","overlay-color":"","overlay-opacity":"","overlay-gradient":""},"mobile":{"background-color":"var(--ast-global-color-5)","background-image":"","background-repeat":"repeat","background-position":"center center","background-size":"auto","background-attachment":"scroll","background-type":"","background-media":"","overlay-type":"","overlay-color":"","overlay-opacity":"","overlay-gradient":""}},"iawp_total_views":87,"footnotes":""},"class_list":["post-80995","page","type-page","status-publish","hentry"],"_links":{"self":[{"href":"https:\/\/www.braswellarts.org\/de\/wp-json\/wp\/v2\/pages\/80995","targetHints":{"allow":["GET"]}}],"collection":[{"href":"https:\/\/www.braswellarts.org\/de\/wp-json\/wp\/v2\/pages"}],"about":[{"href":"https:\/\/www.braswellarts.org\/de\/wp-json\/wp\/v2\/types\/page"}],"author":[{"embeddable":true,"href":"https:\/\/www.braswellarts.org\/de\/wp-json\/wp\/v2\/users\/7"}],"replies":[{"embeddable":true,"href":"https:\/\/www.braswellarts.org\/de\/wp-json\/wp\/v2\/comments?post=80995"}],"version-history":[{"count":21,"href":"https:\/\/www.braswellarts.org\/de\/wp-json\/wp\/v2\/pages\/80995\/revisions"}],"predecessor-version":[{"id":81103,"href":"https:\/\/www.braswellarts.org\/de\/wp-json\/wp\/v2\/pages\/80995\/revisions\/81103"}],"wp:attachment":[{"href":"https:\/\/www.braswellarts.org\/de\/wp-json\/wp\/v2\/media?parent=80995"}],"curies":[{"name":"wp","href":"https:\/\/api.w.org\/{rel}","templated":true}]}}